{"id":4129,"date":"2025-01-21T06:09:10","date_gmt":"2025-01-21T12:09:10","guid":{"rendered":"https:\/\/www.gainsboroughwaste.com\/es\/?page_id=4129"},"modified":"2025-01-23T15:57:32","modified_gmt":"2025-01-23T21:57:32","slug":"pago-de-facturas","status":"publish","type":"page","link":"https:\/\/www.gainsboroughwaste.com\/es\/pago-de-facturas\/","title":{"rendered":"Pago de Facturas"},"content":{"rendered":"\t\t<div data-elementor-type=\"wp-page\" data-elementor-id=\"4129\" class=\"elementor elementor-4129\" data-elementor-post-type=\"page\">\n\t\t\t\t<div class=\"elementor-element elementor-element-7d50e7a e-flex e-con-boxed e-con e-parent\" data-id=\"7d50e7a\" data-element_type=\"container\" data-e-type=\"container\" data-settings=\"{&quot;background_background&quot;:&quot;classic&quot;}\">\n\t\t\t\t\t<div class=\"e-con-inner\">\n\t\t<div class=\"elementor-element elementor-element-3a2da15 e-con-full e-flex e-con e-child\" data-id=\"3a2da15\" data-element_type=\"container\" data-e-type=\"container\">\n\t\t\t\t<div class=\"elementor-element elementor-element-56d4422 elementor-widget elementor-widget-heading\" data-id=\"56d4422\" data-element_type=\"widget\" data-e-type=\"widget\" data-widget_type=\"heading.default\">\n\t\t\t\t<div class=\"elementor-widget-container\">\n\t\t\t\t\t<h1 class=\"elementor-heading-title elementor-size-default\">Pago de Facturas<\/h1>\t\t\t\t<\/div>\n\t\t\t\t<\/div>\n\t\t\t\t<\/div>\n\t\t\t\t\t<\/div>\n\t\t\t\t<\/div>\n\t\t<div class=\"elementor-element elementor-element-b382be7 e-flex e-con-boxed e-con e-parent\" data-id=\"b382be7\" data-element_type=\"container\" data-e-type=\"container\">\n\t\t\t\t\t<div class=\"e-con-inner\">\n\t\t<div class=\"elementor-element elementor-element-920070e e-con-full e-flex e-con e-child\" data-id=\"920070e\" data-element_type=\"container\" data-e-type=\"container\">\n\t\t\t\t<div class=\"elementor-element elementor-element-bc5e953 elementor-widget elementor-widget-image\" data-id=\"bc5e953\" data-element_type=\"widget\" data-e-type=\"widget\" data-widget_type=\"image.default\">\n\t\t\t\t<div class=\"elementor-widget-container\">\n\t\t\t\t\t\t\t\t\t\t\t\t\t\t\t<img decoding=\"async\" width=\"226\" height=\"128\" src=\"https:\/\/www.gainsboroughwaste.com\/es\/wp-content\/uploads\/sites\/2\/2023\/11\/gw-nav-logo.svg\" class=\"attachment-large size-large wp-image-4030\" alt=\"\" \/>\t\t\t\t\t\t\t\t\t\t\t\t\t\t\t<\/div>\n\t\t\t\t<\/div>\n\t\t\t\t<\/div>\n\t\t<div class=\"elementor-element elementor-element-f84287a e-con-full e-flex e-con e-child\" data-id=\"f84287a\" data-element_type=\"container\" data-e-type=\"container\">\n\t\t\t\t<div class=\"elementor-element elementor-element-872af78 elementor-widget elementor-widget-heading\" data-id=\"872af78\" data-element_type=\"widget\" data-e-type=\"widget\" data-widget_type=\"heading.default\">\n\t\t\t\t<div class=\"elementor-widget-container\">\n\t\t\t\t\t<h2 class=\"elementor-heading-title elementor-size-default\">Gainsborough Waste Customers<\/h2>\t\t\t\t<\/div>\n\t\t\t\t<\/div>\n\t\t\t\t<div class=\"elementor-element elementor-element-3ec56db elementor-widget elementor-widget-text-editor\" data-id=\"3ec56db\" data-element_type=\"widget\" data-e-type=\"widget\" data-widget_type=\"text-editor.default\">\n\t\t\t\t<div class=\"elementor-widget-container\">\n\t\t\t\t\t\t\t\t\tSu factura de Gainsborough Waste provendr\u00e1 de una direcci\u00f3n de correo electr\u00f3nico que indique @gtx.containers.app. Llame al <a class=\"nowrap\" href=\"tel:7137858050\">713-785-8050<\/a> y seleccione la opci\u00f3n de contabilidad para obtener m\u00e1s detalles.\t\t\t\t\t\t\t\t<\/div>\n\t\t\t\t<\/div>\n\t\t\t\t<\/div>\n\t\t\t\t\t<\/div>\n\t\t\t\t<\/div>\n\t\t<div class=\"elementor-element elementor-element-2e0251b e-flex e-con-boxed e-con e-parent\" data-id=\"2e0251b\" data-element_type=\"container\" data-e-type=\"container\">\n\t\t\t\t\t<div class=\"e-con-inner\">\n\t\t<div class=\"elementor-element elementor-element-587b165 e-con-full e-flex e-con e-child\" data-id=\"587b165\" data-element_type=\"container\" data-e-type=\"container\">\n\t\t\t\t<\/div>\n\t\t\t\t\t<\/div>\n\t\t\t\t<\/div>\n\t\t<div class=\"elementor-element elementor-element-b8aff73 e-flex e-con-boxed e-con e-parent\" data-id=\"b8aff73\" data-element_type=\"container\" data-e-type=\"container\">\n\t\t\t\t\t<div class=\"e-con-inner\">\n\t\t<div class=\"elementor-element elementor-element-565d6e4 e-con-full e-flex e-con e-child\" data-id=\"565d6e4\" data-element_type=\"container\" data-e-type=\"container\">\n\t\t\t\t<div class=\"elementor-element elementor-element-0e62e9c elementor-widget elementor-widget-image\" data-id=\"0e62e9c\" data-element_type=\"widget\" data-e-type=\"widget\" data-widget_type=\"image.default\">\n\t\t\t\t<div class=\"elementor-widget-container\">\n\t\t\t\t\t\t\t\t\t\t\t\t\t\t\t<img fetchpriority=\"high\" decoding=\"async\" width=\"1024\" height=\"395\" src=\"https:\/\/www.gainsboroughwaste.com\/es\/wp-content\/uploads\/sites\/2\/2025\/01\/GWTO-GainsboroughWasteLogo-2024-Final_black-txt-1024x395.jpg\" class=\"attachment-large size-large wp-image-4138\" alt=\"\" srcset=\"https:\/\/www.gainsboroughwaste.com\/es\/wp-content\/uploads\/sites\/2\/2025\/01\/GWTO-GainsboroughWasteLogo-2024-Final_black-txt-1024x395.jpg 1024w, https:\/\/www.gainsboroughwaste.com\/es\/wp-content\/uploads\/sites\/2\/2025\/01\/GWTO-GainsboroughWasteLogo-2024-Final_black-txt-300x116.jpg 300w, https:\/\/www.gainsboroughwaste.com\/es\/wp-content\/uploads\/sites\/2\/2025\/01\/GWTO-GainsboroughWasteLogo-2024-Final_black-txt-768x296.jpg 768w, https:\/\/www.gainsboroughwaste.com\/es\/wp-content\/uploads\/sites\/2\/2025\/01\/GWTO-GainsboroughWasteLogo-2024-Final_black-txt.jpg 1400w\" sizes=\"(max-width: 1024px) 100vw, 1024px\" \/>\t\t\t\t\t\t\t\t\t\t\t\t\t\t\t<\/div>\n\t\t\t\t<\/div>\n\t\t\t\t<\/div>\n\t\t<div class=\"elementor-element elementor-element-347b4ad e-con-full e-flex e-con e-child\" data-id=\"347b4ad\" data-element_type=\"container\" data-e-type=\"container\">\n\t\t\t\t<div class=\"elementor-element elementor-element-d52256c elementor-widget elementor-widget-heading\" data-id=\"d52256c\" data-element_type=\"widget\" data-e-type=\"widget\" data-widget_type=\"heading.default\">\n\t\t\t\t<div class=\"elementor-widget-container\">\n\t\t\t\t\t<h2 class=\"elementor-heading-title elementor-size-default\">Gainsborough Waste Services Customers <\/h2>\t\t\t\t<\/div>\n\t\t\t\t<\/div>\n\t\t\t\t<div class=\"elementor-element elementor-element-692baa6 elementor-widget elementor-widget-heading\" data-id=\"692baa6\" data-element_type=\"widget\" data-e-type=\"widget\" data-widget_type=\"heading.default\">\n\t\t\t\t<div class=\"elementor-widget-container\">\n\t\t\t\t\t<p class=\"elementor-heading-title elementor-size-default\">(Formerly OP Enterprise Waste Services)<\/p>\t\t\t\t<\/div>\n\t\t\t\t<\/div>\n\t\t\t\t<div class=\"elementor-element elementor-element-fe759de elementor-widget elementor-widget-text-editor\" data-id=\"fe759de\" data-element_type=\"widget\" data-e-type=\"widget\" data-widget_type=\"text-editor.default\">\n\t\t\t\t<div class=\"elementor-widget-container\">\n\t\t\t\t\t\t\t\t\t<p>Para completar el pago de su factura de servicios de recolecci\u00f3n residencial o comercial, siga el enlace a continuaci\u00f3n.<\/p>\t\t\t\t\t\t\t\t<\/div>\n\t\t\t\t<\/div>\n\t\t\t\t<div class=\"elementor-element elementor-element-cdd3a22 btn-scale elementor-widget elementor-widget-button\" data-id=\"cdd3a22\" data-element_type=\"widget\" data-e-type=\"widget\" data-widget_type=\"button.default\">\n\t\t\t\t<div class=\"elementor-widget-container\">\n\t\t\t\t\t\t\t\t\t<div class=\"elementor-button-wrapper\">\n\t\t\t\t\t<a class=\"elementor-button elementor-button-link elementor-size-sm\" href=\"https:\/\/www.billandpay.com\/payerportal\/?m=26153&#038;il=1#1736969060857\" target=\"_blank\" rel=\"nofollow noopener\">\n\t\t\t\t\t\t<span class=\"elementor-button-content-wrapper\">\n\t\t\t\t\t\t\t\t\t<span class=\"elementor-button-text\">Paga Ahora<\/span>\n\t\t\t\t\t<\/span>\n\t\t\t\t\t<\/a>\n\t\t\t\t<\/div>\n\t\t\t\t\t\t\t\t<\/div>\n\t\t\t\t<\/div>\n\t\t\t\t<\/div>\n\t\t\t\t\t<\/div>\n\t\t\t\t<\/div>\n\t\t\t\t<\/div>\n\t\t","protected":false},"excerpt":{"rendered":"<p>Pago de Facturas Gainsborough Waste Customers Su factura de Gainsborough Waste provendr\u00e1 de una direcci\u00f3n de correo electr\u00f3nico que indique @gtx.containers.app. Llame al 713-785-8050 y seleccione la opci\u00f3n de contabilidad para obtener m\u00e1s detalles. Gainsborough Waste Services Customers (Formerly OP Enterprise Waste Services) Para completar el pago de su factura de servicios de recolecci\u00f3n residencial [&hellip;]<\/p>\n","protected":false},"author":8,"featured_media":0,"parent":0,"menu_order":0,"comment_status":"closed","ping_status":"closed","template":"","meta":{"_acf_changed":false,"_genesis_hide_title":false,"_genesis_hide_breadcrumbs":false,"_genesis_hide_singular_image":false,"_genesis_hide_footer_widgets":false,"_genesis_custom_body_class":"","_genesis_custom_post_class":"","_genesis_layout":"","footnotes":""},"class_list":{"0":"post-4129","1":"page","2":"type-page","3":"status-publish","5":"entry","6":"has-post-thumbnail"},"acf":[],"_links":{"self":[{"href":"https:\/\/www.gainsboroughwaste.com\/es\/wp-json\/wp\/v2\/pages\/4129","targetHints":{"allow":["GET"]}}],"collection":[{"href":"https:\/\/www.gainsboroughwaste.com\/es\/wp-json\/wp\/v2\/pages"}],"about":[{"href":"https:\/\/www.gainsboroughwaste.com\/es\/wp-json\/wp\/v2\/types\/page"}],"author":[{"embeddable":true,"href":"https:\/\/www.gainsboroughwaste.com\/es\/wp-json\/wp\/v2\/users\/8"}],"replies":[{"embeddable":true,"href":"https:\/\/www.gainsboroughwaste.com\/es\/wp-json\/wp\/v2\/comments?post=4129"}],"version-history":[{"count":0,"href":"https:\/\/www.gainsboroughwaste.com\/es\/wp-json\/wp\/v2\/pages\/4129\/revisions"}],"wp:attachment":[{"href":"https:\/\/www.gainsboroughwaste.com\/es\/wp-json\/wp\/v2\/media?parent=4129"}],"curies":[{"name":"wp","href":"https:\/\/api.w.org\/{rel}","templated":true}]}}