{"id":3911,"date":"2023-03-09T16:05:32","date_gmt":"2023-03-09T22:05:32","guid":{"rendered":"https:\/\/www.gainsboroughwaste.com\/es\/?page_id=3911"},"modified":"2024-11-11T10:23:43","modified_gmt":"2024-11-11T16:23:43","slug":"representante-de-ventas-externo","status":"publish","type":"page","link":"https:\/\/www.gainsboroughwaste.com\/es\/representante-de-ventas-externo\/","title":{"rendered":"L\u00edder de crecimiento de ingresos din\u00e1micos"},"content":{"rendered":"","protected":false},"excerpt":{"rendered":"<p>Gainsborough Waste\/Texas Outhouse actualmente est\u00e1 buscando un l\u00edder din\u00e1mico para unirse a una organizaci\u00f3n en crecimiento. Estamos buscando un l\u00edder comprobado en el crecimiento de los ingresos industriales y de la construcci\u00f3n en el mercado de Houston que est\u00e9 buscando oportunidades de crecimiento profesional. Nuestro candidato ideal ser\u00e1 un profesional con un t\u00edtulo universitario, algunos a\u00f1os de experiencia de negocio a negocio y un fuerte impulso competitivo para ser el mejor.<\/p>\n<p style=\"text-align: center\"><a class=\"btn btn-primary mt-2\" href=\"#applyhere\">HAGA CLIC PARA APLICAR<\/a><\/p>\n","protected":false},"author":8,"featured_media":0,"parent":0,"menu_order":0,"comment_status":"closed","ping_status":"closed","template":"","meta":{"_acf_changed":false,"_genesis_hide_title":false,"_genesis_hide_breadcrumbs":false,"_genesis_hide_singular_image":false,"_genesis_hide_footer_widgets":false,"_genesis_custom_body_class":"","_genesis_custom_post_class":"","_genesis_layout":"","footnotes":""},"class_list":{"0":"post-3911","1":"page","2":"type-page","3":"status-publish","5":"entry"},"acf":[],"_links":{"self":[{"href":"https:\/\/www.gainsboroughwaste.com\/es\/wp-json\/wp\/v2\/pages\/3911","targetHints":{"allow":["GET"]}}],"collection":[{"href":"https:\/\/www.gainsboroughwaste.com\/es\/wp-json\/wp\/v2\/pages"}],"about":[{"href":"https:\/\/www.gainsboroughwaste.com\/es\/wp-json\/wp\/v2\/types\/page"}],"author":[{"embeddable":true,"href":"https:\/\/www.gainsboroughwaste.com\/es\/wp-json\/wp\/v2\/users\/8"}],"replies":[{"embeddable":true,"href":"https:\/\/www.gainsboroughwaste.com\/es\/wp-json\/wp\/v2\/comments?post=3911"}],"version-history":[{"count":0,"href":"https:\/\/www.gainsboroughwaste.com\/es\/wp-json\/wp\/v2\/pages\/3911\/revisions"}],"wp:attachment":[{"href":"https:\/\/www.gainsboroughwaste.com\/es\/wp-json\/wp\/v2\/media?parent=3911"}],"curies":[{"name":"wp","href":"https:\/\/api.w.org\/{rel}","templated":true}]}}