{"id":3829,"date":"2022-06-02T17:27:41","date_gmt":"2022-06-02T22:27:41","guid":{"rendered":"https:\/\/www.gainsboroughwaste.com\/es\/?page_id=3829"},"modified":"2025-02-03T12:24:18","modified_gmt":"2025-02-03T18:24:18","slug":"basurero-de-residuos-2","status":"publish","type":"page","link":"https:\/\/www.gainsboroughwaste.com\/es\/basurero-de-residuos-2\/","title":{"rendered":"Basurero De Residuos old"},"content":{"rendered":"","protected":false},"excerpt":{"rendered":"<p>Si usted trabaja para una empresa de construcci\u00f3n, constructora de viviendas, contratista, empresa de eliminaci\u00f3n de desechos o basura, o le gusta hacer trabajos por usted mismo como un aficionado sin recurrir a la ayuda de un profesional, \u00a1entonces el dep\u00f3sito de residuos de Gainsborough est\u00e1 completamente equipado para manejar sus necesidades de desechos de construcci\u00f3n!<\/p>\n<p>Ofrecemos dos ubicaciones estrat\u00e9gicas en Houston para que usted lleve los desechos y\/o escombros de su proyecto de construcci\u00f3n.<\/p>\n<p style=\"text-align: center\"><a class=\"btn btn-primary mt-2 mb-2 ml-2 mr-2\" href=\"\/wp-content\/uploads\/2022\/04\/T-Station-Flyer-2-1-1.docx\" target=\"_blank\" rel=\"noopener\">Informaci\u00f3n de la estaci\u00f3n de transferencia<\/a><a class=\"btn btn-primary mt-2 mb-2 ml-2 mr-2\" href=\"#faq\" rel=\"noopener\">Preguntas Frecuentes<\/a><a class=\"btn btn-primary mt-2 mb-2 ml-2 mr-2\" href=\"\/wp-content\/uploads\/2022\/06\/GWTO_AirBurnerFlyer_v3.pdf\" target=\"_blank\" rel=\"noopener\">Descargar Folleto<\/a><\/p>\n","protected":false},"author":8,"featured_media":0,"parent":0,"menu_order":0,"comment_status":"closed","ping_status":"closed","template":"","meta":{"_acf_changed":false,"_genesis_hide_title":false,"_genesis_hide_breadcrumbs":false,"_genesis_hide_singular_image":false,"_genesis_hide_footer_widgets":false,"_genesis_custom_body_class":"","_genesis_custom_post_class":"","_genesis_layout":"","footnotes":""},"class_list":{"0":"post-3829","1":"page","2":"type-page","3":"status-publish","5":"entry"},"acf":[],"_links":{"self":[{"href":"https:\/\/www.gainsboroughwaste.com\/es\/wp-json\/wp\/v2\/pages\/3829","targetHints":{"allow":["GET"]}}],"collection":[{"href":"https:\/\/www.gainsboroughwaste.com\/es\/wp-json\/wp\/v2\/pages"}],"about":[{"href":"https:\/\/www.gainsboroughwaste.com\/es\/wp-json\/wp\/v2\/types\/page"}],"author":[{"embeddable":true,"href":"https:\/\/www.gainsboroughwaste.com\/es\/wp-json\/wp\/v2\/users\/8"}],"replies":[{"embeddable":true,"href":"https:\/\/www.gainsboroughwaste.com\/es\/wp-json\/wp\/v2\/comments?post=3829"}],"version-history":[{"count":0,"href":"https:\/\/www.gainsboroughwaste.com\/es\/wp-json\/wp\/v2\/pages\/3829\/revisions"}],"wp:attachment":[{"href":"https:\/\/www.gainsboroughwaste.com\/es\/wp-json\/wp\/v2\/media?parent=3829"}],"curies":[{"name":"wp","href":"https:\/\/api.w.org\/{rel}","templated":true}]}}