{"id":3512,"date":"2019-11-12T15:44:23","date_gmt":"2019-11-12T21:44:23","guid":{"rendered":"https:\/\/www.gainsboroughwaste.com\/es\/?page_id=3512"},"modified":"2024-09-27T15:57:08","modified_gmt":"2024-09-27T20:57:08","slug":"contenedores-para-basura-carga-trasera","status":"publish","type":"page","link":"https:\/\/www.gainsboroughwaste.com\/es\/contenedores-para-basura-carga-trasera\/","title":{"rendered":"Contenedores de basura comerciales de carga trasera (REL)"},"content":{"rendered":"","protected":false},"excerpt":{"rendered":"<p>Gainsborough Waste ofrece un servicio de renta de contenedores de basura en toda el \u00e1rea metropolitana de Houston.<\/p>\n<p>Rentamos contenedores de residuos desde 2 yardas c\u00fabicas hasta 8 yardas c\u00fabicas para abastecer las necesidades de medianas empresas, sitios de construcci\u00f3n, complejos grandes, instalaciones de uso mixto, zonas de construcci\u00f3n y otros tipos de establecimientos o locaciones.<\/p>\n<p>Adem\u00e1s, los contenedores de residuos de carga trasera ser\u00e1n manejados seg\u00fan sus horarios. Trabajaremos con su equipo para determinar el mejor momento para recolectar los residuos de los contenedores para evitar que se acumule la basura.<\/p>\n","protected":false},"author":6,"featured_media":4107,"parent":0,"menu_order":0,"comment_status":"closed","ping_status":"closed","template":"","meta":{"_acf_changed":false,"_genesis_hide_title":false,"_genesis_hide_breadcrumbs":false,"_genesis_hide_singular_image":false,"_genesis_hide_footer_widgets":false,"_genesis_custom_body_class":"","_genesis_custom_post_class":"","_genesis_layout":"","footnotes":""},"class_list":{"0":"post-3512","1":"page","2":"type-page","3":"status-publish","4":"has-post-thumbnail","6":"entry"},"acf":[],"_links":{"self":[{"href":"https:\/\/www.gainsboroughwaste.com\/es\/wp-json\/wp\/v2\/pages\/3512","targetHints":{"allow":["GET"]}}],"collection":[{"href":"https:\/\/www.gainsboroughwaste.com\/es\/wp-json\/wp\/v2\/pages"}],"about":[{"href":"https:\/\/www.gainsboroughwaste.com\/es\/wp-json\/wp\/v2\/types\/page"}],"author":[{"embeddable":true,"href":"https:\/\/www.gainsboroughwaste.com\/es\/wp-json\/wp\/v2\/users\/6"}],"replies":[{"embeddable":true,"href":"https:\/\/www.gainsboroughwaste.com\/es\/wp-json\/wp\/v2\/comments?post=3512"}],"version-history":[{"count":0,"href":"https:\/\/www.gainsboroughwaste.com\/es\/wp-json\/wp\/v2\/pages\/3512\/revisions"}],"wp:featuredmedia":[{"embeddable":true,"href":"https:\/\/www.gainsboroughwaste.com\/es\/wp-json\/wp\/v2\/media\/4107"}],"wp:attachment":[{"href":"https:\/\/www.gainsboroughwaste.com\/es\/wp-json\/wp\/v2\/media?parent=3512"}],"curies":[{"name":"wp","href":"https:\/\/api.w.org\/{rel}","templated":true}]}}