{"id":175,"date":"2017-10-03T07:27:59","date_gmt":"2017-10-03T12:27:59","guid":{"rendered":"http:\/\/gwhou.wpengine.com\/?page_id=175"},"modified":"2020-11-30T12:59:27","modified_gmt":"2020-11-30T18:59:27","slug":"compactadores-de-residuos","status":"publish","type":"page","link":"https:\/\/www.gainsboroughwaste.com\/es\/compactadores-de-residuos\/","title":{"rendered":"Compactadores"},"content":{"rendered":"","protected":false},"excerpt":{"rendered":"<p>Los compactadores est\u00e1n dise\u00f1ados para manejar residuos permanentes de gran volumen de manera eficiente. Esto permite que grandes vol\u00famenes de basura y otros desechos se compriman en vol\u00famenes m\u00e1s peque\u00f1os, ahorrando espacio y dinero.<\/p>\n<p>La compactaci\u00f3n de residuos y basura es una buena opci\u00f3n para grandes instalaciones, grandes clientes comerciales y clientes de la industria ligera. Ofrecemos compactadores estacionarios para desechos secos y compactadores independientes para desechos secos con el prop\u00f3sito de satisfacer las necesidades de supermercados, escuelas, iglesias, hospitales y centros de distribuci\u00f3n. Cont\u00e1ctenos hoy para programar servicios confiables de compactaci\u00f3n.<\/p>\n","protected":false},"author":2,"featured_media":0,"parent":0,"menu_order":0,"comment_status":"closed","ping_status":"closed","template":"","meta":{"_acf_changed":false,"_genesis_hide_title":false,"_genesis_hide_breadcrumbs":false,"_genesis_hide_singular_image":false,"_genesis_hide_footer_widgets":false,"_genesis_custom_body_class":"","_genesis_custom_post_class":"","_genesis_layout":"","footnotes":""},"class_list":{"0":"post-175","1":"page","2":"type-page","3":"status-publish","5":"entry","6":"has-post-thumbnail"},"acf":[],"_links":{"self":[{"href":"https:\/\/www.gainsboroughwaste.com\/es\/wp-json\/wp\/v2\/pages\/175","targetHints":{"allow":["GET"]}}],"collection":[{"href":"https:\/\/www.gainsboroughwaste.com\/es\/wp-json\/wp\/v2\/pages"}],"about":[{"href":"https:\/\/www.gainsboroughwaste.com\/es\/wp-json\/wp\/v2\/types\/page"}],"author":[{"embeddable":true,"href":"https:\/\/www.gainsboroughwaste.com\/es\/wp-json\/wp\/v2\/users\/2"}],"replies":[{"embeddable":true,"href":"https:\/\/www.gainsboroughwaste.com\/es\/wp-json\/wp\/v2\/comments?post=175"}],"version-history":[{"count":0,"href":"https:\/\/www.gainsboroughwaste.com\/es\/wp-json\/wp\/v2\/pages\/175\/revisions"}],"wp:attachment":[{"href":"https:\/\/www.gainsboroughwaste.com\/es\/wp-json\/wp\/v2\/media?parent=175"}],"curies":[{"name":"wp","href":"https:\/\/api.w.org\/{rel}","templated":true}]}}